{"id":336,"date":"2023-09-24T18:06:00","date_gmt":"2023-09-24T18:06:00","guid":{"rendered":"https:\/\/ruumconsultoria.com\/?page_id=336"},"modified":"2023-10-04T00:45:46","modified_gmt":"2023-10-04T00:45:46","slug":"testimonios","status":"publish","type":"page","link":"https:\/\/ruumconsultoria.com\/?page_id=336","title":{"rendered":"Testimonios"},"content":{"rendered":"\n<div class=\"wp-block-cover alignfull is-light\"><span aria-hidden=\"true\" class=\"wp-block-cover__background has-background-dim\" style=\"background-color:#d5f1c8\"><\/span><img loading=\"lazy\" decoding=\"async\" width=\"2560\" height=\"1707\" class=\"wp-block-cover__image-background wp-image-338\" alt=\"\" src=\"https:\/\/ruumconsultoria.com\/wp-content\/uploads\/2023\/09\/pexels-gustavo-fring-6285159-1-scaled.jpg\" data-object-fit=\"cover\" srcset=\"https:\/\/ruumconsultoria.com\/wp-content\/uploads\/2023\/09\/pexels-gustavo-fring-6285159-1-scaled.jpg 2560w, https:\/\/ruumconsultoria.com\/wp-content\/uploads\/2023\/09\/pexels-gustavo-fring-6285159-1-300x200.jpg 300w, https:\/\/ruumconsultoria.com\/wp-content\/uploads\/2023\/09\/pexels-gustavo-fring-6285159-1-1024x683.jpg 1024w, https:\/\/ruumconsultoria.com\/wp-content\/uploads\/2023\/09\/pexels-gustavo-fring-6285159-1-768x512.jpg 768w, https:\/\/ruumconsultoria.com\/wp-content\/uploads\/2023\/09\/pexels-gustavo-fring-6285159-1-1536x1024.jpg 1536w, https:\/\/ruumconsultoria.com\/wp-content\/uploads\/2023\/09\/pexels-gustavo-fring-6285159-1-2048x1365.jpg 2048w\" sizes=\"auto, (max-width: 2560px) 100vw, 2560px\" \/><div class=\"wp-block-cover__inner-container is-layout-flow wp-block-cover-is-layout-flow\">\n<h2 class=\"wp-block-heading has-text-align-center has-text-color has-medium-font-size\" style=\"color:#003e33\"><strong>N U E S T R O S  \/  C L I E N T E S<\/strong><\/h2>\n<\/div><\/div>\n\n\n\n<div style=\"height:100px\" aria-hidden=\"true\" class=\"wp-block-spacer\"><\/div>\n\n\n\n<hr class=\"wp-block-separator has-css-opacity is-style-default\"\/>\n\n\n\n<figure class=\"wp-block-image aligncenter size-large is-resized is-style-rounded\"><img loading=\"lazy\" decoding=\"async\" src=\"https:\/\/s.w.org\/images\/core\/5.8\/portrait.jpg\" alt=\"A side profile of a woman in a russet-colored turtleneck and white bag. She looks up with her eyes closed.\" style=\"width:104px;height:104px\" width=\"104\" height=\"104\"\/><\/figure>\n\n\n\n<blockquote class=\"wp-block-quote has-text-align-center is-style-large is-layout-flow wp-block-quote-is-layout-flow\">\n<p class=\"has-text-align-center has-medium-font-size\"><em>\u201cLos servicios profesionales de la arquitecta Jennifer Aranguren fueron efectivos para conseguir una licencia de remodelaci\u00f3n que ten\u00eda retos t\u00e9cnicos importantes. Recomiendo ampliamente sus servicios\u201d.<\/em><\/p>\n<cite>\u2014 Martin Cabrera, (Empresario)<\/cite><\/blockquote>\n\n\n\n<hr class=\"wp-block-separator has-css-opacity is-style-default\"\/>\n\n\n\n<hr class=\"wp-block-separator has-css-opacity is-style-default\"\/>\n\n\n\n<figure class=\"wp-block-image aligncenter size-large is-resized is-style-rounded\"><img loading=\"lazy\" decoding=\"async\" src=\"https:\/\/s.w.org\/images\/core\/5.8\/portrait.jpg\" alt=\"Perfil lateral de una mujer con un jersey de cuello alto de color rojizo y un bolso blanco. Mira hacia arriba con los ojos cerrados.\" style=\"width:102px;height:102px\" width=\"102\" height=\"102\"\/><\/figure>\n\n\n\n<blockquote class=\"wp-block-quote has-text-align-center is-style-large is-layout-flow wp-block-quote-is-layout-flow\">\n<p class=\"has-text-align-center has-medium-font-size\"><em>\u201cHago un reconocimiento en cuanto al profesionalismo, cumplimiento e idoneidad de la Arquitecta Jennifer Aranguren en los trabajos encomendados y espec\u00edficamente en el tr\u00e1mite y obtenci\u00f3n de las licencias que se tramitan ante las Curadur\u00edas urbanas de la Capital. Es menester el resaltar estos valores que hacen de la profesional una persona de nuestra plena confianza\u201d<\/em><\/p>\n<cite>\u2014 Juan Carlos Cruz, (Abogado)<\/cite><\/blockquote>\n\n\n\n<hr class=\"wp-block-separator has-css-opacity is-style-default\"\/>\n","protected":false},"excerpt":{"rendered":"<p>\u201cLos servicios profesionales de la arquitecta Jennifer Aranguren fueron efectivos para conseguir una licencia de remodelaci\u00f3n que ten\u00eda retos t\u00e9cnicos importantes. Recomiendo ampliamente sus servicios\u201d. \u2014 Martin Cabrera, (Empresario) \u201cHago un reconocimiento en cuanto al profesionalismo, cumplimiento e idoneidad de la Arquitecta Jennifer Aranguren en los trabajos encomendados y espec\u00edficamente en el tr\u00e1mite y obtenci\u00f3n [&hellip;]<\/p>\n","protected":false},"author":1,"featured_media":0,"parent":0,"menu_order":0,"comment_status":"closed","ping_status":"closed","template":"","meta":{"site-sidebar-layout":"default","site-content-layout":"","ast-site-content-layout":"default","site-content-style":"default","site-sidebar-style":"default","ast-global-header-display":"","ast-banner-title-visibility":"","ast-main-header-display":"","ast-hfb-above-header-display":"","ast-hfb-below-header-display":"","ast-hfb-mobile-header-display":"","site-post-title":"disabled","ast-breadcrumbs-content":"","ast-featured-img":"","footer-sml-layout":"","theme-transparent-header-meta":"","adv-header-id-meta":"","stick-header-meta":"","header-above-stick-meta":"","header-main-stick-meta":"","header-below-stick-meta":"","astra-migrate-meta-layouts":"","ast-page-background-enabled":"default","ast-page-background-meta":{"desktop":{"background-color":"var(--ast-global-color-4)","background-image":"","background-repeat":"repeat","background-position":"center center","background-size":"auto","background-attachment":"scroll","background-type":"","background-media":"","overlay-type":"","overlay-color":"","overlay-opacity":"","overlay-gradient":""},"tablet":{"background-color":"","background-image":"","background-repeat":"repeat","background-position":"center center","background-size":"auto","background-attachment":"scroll","background-type":"","background-media":"","overlay-type":"","overlay-color":"","overlay-opacity":"","overlay-gradient":""},"mobile":{"background-color":"","background-image":"","background-repeat":"repeat","background-position":"center center","background-size":"auto","background-attachment":"scroll","background-type":"","background-media":"","overlay-type":"","overlay-color":"","overlay-opacity":"","overlay-gradient":""}},"ast-content-background-meta":{"desktop":{"background-color":"var(--ast-global-color-5)","background-image":"","background-repeat":"repeat","background-position":"center center","background-size":"auto","background-attachment":"scroll","background-type":"","background-media":"","overlay-type":"","overlay-color":"","overlay-opacity":"","overlay-gradient":""},"tablet":{"background-color":"var(--ast-global-color-5)","background-image":"","background-repeat":"repeat","background-position":"center center","background-size":"auto","background-attachment":"scroll","background-type":"","background-media":"","overlay-type":"","overlay-color":"","overlay-opacity":"","overlay-gradient":""},"mobile":{"background-color":"var(--ast-global-color-5)","background-image":"","background-repeat":"repeat","background-position":"center center","background-size":"auto","background-attachment":"scroll","background-type":"","background-media":"","overlay-type":"","overlay-color":"","overlay-opacity":"","overlay-gradient":""}},"footnotes":""},"class_list":["post-336","page","type-page","status-publish","hentry"],"_hostinger_reach_plugin_has_subscription_block":false,"_hostinger_reach_plugin_is_elementor":false,"_links":{"self":[{"href":"https:\/\/ruumconsultoria.com\/index.php?rest_route=\/wp\/v2\/pages\/336","targetHints":{"allow":["GET"]}}],"collection":[{"href":"https:\/\/ruumconsultoria.com\/index.php?rest_route=\/wp\/v2\/pages"}],"about":[{"href":"https:\/\/ruumconsultoria.com\/index.php?rest_route=\/wp\/v2\/types\/page"}],"author":[{"embeddable":true,"href":"https:\/\/ruumconsultoria.com\/index.php?rest_route=\/wp\/v2\/users\/1"}],"replies":[{"embeddable":true,"href":"https:\/\/ruumconsultoria.com\/index.php?rest_route=%2Fwp%2Fv2%2Fcomments&post=336"}],"version-history":[{"count":9,"href":"https:\/\/ruumconsultoria.com\/index.php?rest_route=\/wp\/v2\/pages\/336\/revisions"}],"predecessor-version":[{"id":365,"href":"https:\/\/ruumconsultoria.com\/index.php?rest_route=\/wp\/v2\/pages\/336\/revisions\/365"}],"wp:attachment":[{"href":"https:\/\/ruumconsultoria.com\/index.php?rest_route=%2Fwp%2Fv2%2Fmedia&parent=336"}],"curies":[{"name":"wp","href":"https:\/\/api.w.org\/{rel}","templated":true}]}}