{"id":65,"date":"2023-08-20T17:03:57","date_gmt":"2023-08-20T17:03:57","guid":{"rendered":"https:\/\/ruumconsultoria.com\/?page_id=65"},"modified":"2023-10-04T00:44:01","modified_gmt":"2023-10-04T00:44:01","slug":"licencias","status":"publish","type":"page","link":"https:\/\/ruumconsultoria.com\/?page_id=65","title":{"rendered":"Licencias"},"content":{"rendered":"\n<div class=\"wp-block-cover alignfull is-light\"><span aria-hidden=\"true\" class=\"wp-block-cover__background has-background-dim\" style=\"background-color:#d5f1c8\"><\/span><img loading=\"lazy\" decoding=\"async\" width=\"2560\" height=\"1707\" class=\"wp-block-cover__image-background wp-image-380\" alt=\"\" src=\"https:\/\/ruumconsultoria.com\/wp-content\/uploads\/2023\/09\/pexels-tima-miroshnichenko-6615280-scaled.jpg\" style=\"object-position:54% 98%\" data-object-fit=\"cover\" data-object-position=\"54% 98%\" srcset=\"https:\/\/ruumconsultoria.com\/wp-content\/uploads\/2023\/09\/pexels-tima-miroshnichenko-6615280-scaled.jpg 2560w, https:\/\/ruumconsultoria.com\/wp-content\/uploads\/2023\/09\/pexels-tima-miroshnichenko-6615280-300x200.jpg 300w, https:\/\/ruumconsultoria.com\/wp-content\/uploads\/2023\/09\/pexels-tima-miroshnichenko-6615280-1024x683.jpg 1024w, https:\/\/ruumconsultoria.com\/wp-content\/uploads\/2023\/09\/pexels-tima-miroshnichenko-6615280-768x512.jpg 768w, https:\/\/ruumconsultoria.com\/wp-content\/uploads\/2023\/09\/pexels-tima-miroshnichenko-6615280-1536x1024.jpg 1536w, https:\/\/ruumconsultoria.com\/wp-content\/uploads\/2023\/09\/pexels-tima-miroshnichenko-6615280-2048x1365.jpg 2048w\" sizes=\"auto, (max-width: 2560px) 100vw, 2560px\" \/><div class=\"wp-block-cover__inner-container is-layout-flow wp-block-cover-is-layout-flow\">\n<blockquote class=\"wp-block-quote is-layout-flow wp-block-quote-is-layout-flow\">\n<h6 class=\"wp-block-heading has-text-align-center has-black-color has-text-color has-medium-font-size\"><strong>L I C E N C I A S<\/strong><\/h6>\n<\/blockquote>\n<\/div><\/div>\n\n\n\n<p><\/p>\n\n\n\n<div style=\"height:15px\" aria-hidden=\"true\" class=\"wp-block-spacer\"><\/div>\n\n\n<blockquote>\n<h3><strong>\u00bfSabes que es una licencia de construcci\u00f3n y para que se usa?\u00a0<\/strong><\/h3>\n<p><span style=\"font-size: 18.7px;\"><i>Aqu\u00ed <\/i><\/span><em style=\"font-size: revert; background-color: var(--ast-global-color-5);\">te contamos&#8230;<\/em><\/p>\n<\/blockquote>\n<p>Una licencia de construcci\u00f3n es un \u201cPermiso expedido por la Curadur\u00eda Urbana para ejecutar obras en los predios de Bogot\u00e1\u201d y nosotros somos la opci\u00f3n perfecta para darle tramite a tu solicitud.<\/p>\n\n\n<ol class=\"wp-block-list\" type=\"1\">\n<li><em><strong>Reconocimiento de la edificaci\u00f3n<\/strong><\/em><br>Aplica para legalizar construcciones que NO cuenten con licencia y se hayan ejecutado hace m\u00e1s de 12 a\u00f1os y con este se logra actualizar el certificado de tradici\u00f3n y libertad (De lote a construcci\u00f3n)<br><\/li>\n\n\n\n<li><em><strong>Licencias:<\/strong><\/em><br>Cuentan con varias modalidades<br><strong>&#8211; Obra nueva<\/strong><br><strong>&#8211; Demolici\u00f3n total<\/strong><br><strong>&#8211;  Reforzamiento Estructural<\/strong><br><strong>&#8211; Ampliaci\u00f3n<\/strong><br><strong>&#8211; Modificaci\u00f3n<\/strong><br><strong>&#8211; Demolici\u00f3n Parcial<\/strong><br><br>Cualquier solicitud de Reconocimiento o de Licencia de Construcci\u00f3n puede ir acompa\u00f1ada de PROPIEDAD HORIZONTAL.<br><\/li>\n\n\n\n<li><em style=\"\"><b>Planos de <\/b><\/em><strong><em>alineamiento: <\/em><\/strong><br>Aplica cuando se desean dividir las unidades y se quiere que cada unidad quede independiente jur\u00eddicamente (con certificado de tradici\u00f3n y libertad)<br><\/li>\n\n\n\n<li><strong><em>Subdivici\u00f3n:<\/em><\/strong><br>Aplica cuando se quiere dividir un lote de mayor extensi\u00f3n en varios lotes de menor extensi\u00f3n. Se deben cumplir condiciones m\u00ednimas de frente y \u00e1rea de lotes resultantes.<\/li>\n<\/ol>\n\n\n\n<div style=\"height:57px\" aria-hidden=\"true\" class=\"wp-block-spacer\"><\/div>\n\n\n\n<div class=\"wp-block-buttons is-content-justification-center is-layout-flex wp-container-core-buttons-is-layout-a89b3969 wp-block-buttons-is-layout-flex\">\n<div class=\"wp-block-button\"><a class=\"wp-block-button__link has-text-align-center wp-element-button\" href=\"https:\/\/wa.me\/573011663881\/?text=Hola%2C%20necesito%20hacer%20una%20consulta.\" style=\"border-radius:0px\" target=\"_blank\" rel=\"noreferrer noopener\">M\u00e1s informaci\u00f3n <\/a><\/div>\n<\/div>\n\n\n\n<div style=\"height:100px\" aria-hidden=\"true\" class=\"wp-block-spacer\"><\/div>\n","protected":false},"excerpt":{"rendered":"<p>\u00bfSabes que es una licencia de construcci\u00f3n y para que se usa?\u00a0 Aqu\u00ed te contamos&#8230; Una licencia de construcci\u00f3n es un \u201cPermiso expedido por la Curadur\u00eda Urbana para ejecutar obras en los predios de Bogot\u00e1\u201d y nosotros somos la opci\u00f3n perfecta para darle tramite a tu solicitud.<\/p>\n","protected":false},"author":1,"featured_media":0,"parent":0,"menu_order":1,"comment_status":"closed","ping_status":"closed","template":"","meta":{"site-sidebar-layout":"default","site-content-layout":"","ast-site-content-layout":"default","site-content-style":"default","site-sidebar-style":"default","ast-global-header-display":"","ast-banner-title-visibility":"","ast-main-header-display":"","ast-hfb-above-header-display":"","ast-hfb-below-header-display":"","ast-hfb-mobile-header-display":"","site-post-title":"disabled","ast-breadcrumbs-content":"","ast-featured-img":"","footer-sml-layout":"","theme-transparent-header-meta":"","adv-header-id-meta":"","stick-header-meta":"","header-above-stick-meta":"","header-main-stick-meta":"","header-below-stick-meta":"","astra-migrate-meta-layouts":"","ast-page-background-enabled":"default","ast-page-background-meta":{"desktop":{"background-color":"var(--ast-global-color-4)","background-image":"","background-repeat":"repeat","background-position":"center center","background-size":"auto","background-attachment":"scroll","background-type":"","background-media":"","overlay-type":"","overlay-color":"","overlay-opacity":"","overlay-gradient":""},"tablet":{"background-color":"","background-image":"","background-repeat":"repeat","background-position":"center center","background-size":"auto","background-attachment":"scroll","background-type":"","background-media":"","overlay-type":"","overlay-color":"","overlay-opacity":"","overlay-gradient":""},"mobile":{"background-color":"","background-image":"","background-repeat":"repeat","background-position":"center center","background-size":"auto","background-attachment":"scroll","background-type":"","background-media":"","overlay-type":"","overlay-color":"","overlay-opacity":"","overlay-gradient":""}},"ast-content-background-meta":{"desktop":{"background-color":"var(--ast-global-color-5)","background-image":"","background-repeat":"repeat","background-position":"center center","background-size":"auto","background-attachment":"scroll","background-type":"","background-media":"","overlay-type":"","overlay-color":"","overlay-opacity":"","overlay-gradient":""},"tablet":{"background-color":"var(--ast-global-color-5)","background-image":"","background-repeat":"repeat","background-position":"center center","background-size":"auto","background-attachment":"scroll","background-type":"","background-media":"","overlay-type":"","overlay-color":"","overlay-opacity":"","overlay-gradient":""},"mobile":{"background-color":"var(--ast-global-color-5)","background-image":"","background-repeat":"repeat","background-position":"center center","background-size":"auto","background-attachment":"scroll","background-type":"","background-media":"","overlay-type":"","overlay-color":"","overlay-opacity":"","overlay-gradient":""}},"footnotes":""},"class_list":["post-65","page","type-page","status-publish","hentry"],"_hostinger_reach_plugin_has_subscription_block":false,"_hostinger_reach_plugin_is_elementor":false,"_links":{"self":[{"href":"https:\/\/ruumconsultoria.com\/index.php?rest_route=\/wp\/v2\/pages\/65","targetHints":{"allow":["GET"]}}],"collection":[{"href":"https:\/\/ruumconsultoria.com\/index.php?rest_route=\/wp\/v2\/pages"}],"about":[{"href":"https:\/\/ruumconsultoria.com\/index.php?rest_route=\/wp\/v2\/types\/page"}],"author":[{"embeddable":true,"href":"https:\/\/ruumconsultoria.com\/index.php?rest_route=\/wp\/v2\/users\/1"}],"replies":[{"embeddable":true,"href":"https:\/\/ruumconsultoria.com\/index.php?rest_route=%2Fwp%2Fv2%2Fcomments&post=65"}],"version-history":[{"count":14,"href":"https:\/\/ruumconsultoria.com\/index.php?rest_route=\/wp\/v2\/pages\/65\/revisions"}],"predecessor-version":[{"id":414,"href":"https:\/\/ruumconsultoria.com\/index.php?rest_route=\/wp\/v2\/pages\/65\/revisions\/414"}],"wp:attachment":[{"href":"https:\/\/ruumconsultoria.com\/index.php?rest_route=%2Fwp%2Fv2%2Fmedia&parent=65"}],"curies":[{"name":"wp","href":"https:\/\/api.w.org\/{rel}","templated":true}]}}