{"id":69,"date":"2023-08-22T17:05:17","date_gmt":"2023-08-22T17:05:17","guid":{"rendered":"https:\/\/ruumconsultoria.com\/?page_id=69"},"modified":"2023-10-04T00:50:36","modified_gmt":"2023-10-04T00:50:36","slug":"asesoria","status":"publish","type":"page","link":"https:\/\/ruumconsultoria.com\/?page_id=69","title":{"rendered":"Asesor\u00eda"},"content":{"rendered":"\n<div class=\"wp-block-cover alignfull is-light\"><span aria-hidden=\"true\" class=\"wp-block-cover__background has-background-dim\" style=\"background-color:#d5f1c8\"><\/span><img loading=\"lazy\" decoding=\"async\" width=\"2560\" height=\"1707\" class=\"wp-block-cover__image-background wp-image-378\" alt=\"\" src=\"https:\/\/ruumconsultoria.com\/wp-content\/uploads\/2023\/09\/pexels-gustavo-fring-4872031-1-scaled.jpg\" style=\"object-position:44% 100%\" data-object-fit=\"cover\" data-object-position=\"44% 100%\" srcset=\"https:\/\/ruumconsultoria.com\/wp-content\/uploads\/2023\/09\/pexels-gustavo-fring-4872031-1-scaled.jpg 2560w, https:\/\/ruumconsultoria.com\/wp-content\/uploads\/2023\/09\/pexels-gustavo-fring-4872031-1-300x200.jpg 300w, https:\/\/ruumconsultoria.com\/wp-content\/uploads\/2023\/09\/pexels-gustavo-fring-4872031-1-1024x683.jpg 1024w, https:\/\/ruumconsultoria.com\/wp-content\/uploads\/2023\/09\/pexels-gustavo-fring-4872031-1-768x512.jpg 768w, https:\/\/ruumconsultoria.com\/wp-content\/uploads\/2023\/09\/pexels-gustavo-fring-4872031-1-1536x1024.jpg 1536w, https:\/\/ruumconsultoria.com\/wp-content\/uploads\/2023\/09\/pexels-gustavo-fring-4872031-1-2048x1365.jpg 2048w\" sizes=\"auto, (max-width: 2560px) 100vw, 2560px\" \/><div class=\"wp-block-cover__inner-container is-layout-flow wp-block-cover-is-layout-flow\">\n<blockquote class=\"wp-block-quote is-layout-flow wp-block-quote-is-layout-flow\">\n<h6 class=\"wp-block-heading has-text-align-center has-black-color has-text-color has-medium-font-size\"><strong>A S E S O R \u00cd A<\/strong><\/h6>\n<\/blockquote>\n<\/div><\/div>\n\n\n\n<div style=\"height:22px\" aria-hidden=\"true\" class=\"wp-block-spacer\"><\/div>\n\n\n<blockquote>\n<h3><strong>\u00bfNo sabes por donde empezar? <\/strong><\/h3>\n<p><i>Con gusto TE ASESORAMOS&#8230;\u00a0<\/i><\/p>\n<\/blockquote>\n<p>A trav\u00e9s de nuestros medios digitales puedes obtener una asesor\u00eda personalizada virtual o presencial en nuestras oficinas y\u00a0 nuestro equipo se encargara de guiarte en procesos como:<\/p>\n<ul>\n<li>Norma actual de los predios PLAN DE ORDENAMIENTO TERRITORIAL<\/li>\n<li>Norma SISMO-RESISTENTE NSR-10<\/li>\n<li>Ley 675 de 2001 \u2013 PROPIEDADES HORIZONTALES<\/li>\n<li>Te ayudamos a resolver dudas arquitect\u00f3nicas, estructurales y jur\u00eddicas, (para esto ten a la mano certificado de tradici\u00f3n y libertad)<\/li>\n<\/ul>\n\n\n<div style=\"height:54px\" aria-hidden=\"true\" class=\"wp-block-spacer\"><\/div>\n\n\n\n<div class=\"wp-block-buttons is-content-justification-center is-layout-flex wp-container-core-buttons-is-layout-a89b3969 wp-block-buttons-is-layout-flex\">\n<div class=\"wp-block-button\"><a class=\"wp-block-button__link has-text-align-center wp-element-button\" href=\"https:\/\/wa.me\/573011663881\/?text=Hola%2C%20necesito%20hacer%20una%20consulta.\" style=\"border-radius:0px\" target=\"_blank\" rel=\"noreferrer noopener\">Agenda tu cita ahora<\/a><\/div>\n<\/div>\n\n\n\n<div style=\"height:100px\" aria-hidden=\"true\" class=\"wp-block-spacer\"><\/div>\n","protected":false},"excerpt":{"rendered":"<p>\u00bfNo sabes por donde empezar? Con gusto TE ASESORAMOS&#8230;\u00a0 A trav\u00e9s de nuestros medios digitales puedes obtener una asesor\u00eda personalizada virtual o presencial en nuestras oficinas y\u00a0 nuestro equipo se encargara de guiarte en procesos como: Norma actual de los predios PLAN DE ORDENAMIENTO TERRITORIAL Norma SISMO-RESISTENTE NSR-10 Ley 675 de 2001 \u2013 PROPIEDADES HORIZONTALES [&hellip;]<\/p>\n","protected":false},"author":1,"featured_media":0,"parent":0,"menu_order":0,"comment_status":"closed","ping_status":"closed","template":"","meta":{"site-sidebar-layout":"default","site-content-layout":"","ast-site-content-layout":"default","site-content-style":"default","site-sidebar-style":"default","ast-global-header-display":"","ast-banner-title-visibility":"","ast-main-header-display":"","ast-hfb-above-header-display":"","ast-hfb-below-header-display":"","ast-hfb-mobile-header-display":"","site-post-title":"disabled","ast-breadcrumbs-content":"","ast-featured-img":"","footer-sml-layout":"","theme-transparent-header-meta":"","adv-header-id-meta":"","stick-header-meta":"","header-above-stick-meta":"","header-main-stick-meta":"","header-below-stick-meta":"","astra-migrate-meta-layouts":"","ast-page-background-enabled":"default","ast-page-background-meta":{"desktop":{"background-color":"var(--ast-global-color-4)","background-image":"","background-repeat":"repeat","background-position":"center center","background-size":"auto","background-attachment":"scroll","background-type":"","background-media":"","overlay-type":"","overlay-color":"","overlay-opacity":"","overlay-gradient":""},"tablet":{"background-color":"","background-image":"","background-repeat":"repeat","background-position":"center center","background-size":"auto","background-attachment":"scroll","background-type":"","background-media":"","overlay-type":"","overlay-color":"","overlay-opacity":"","overlay-gradient":""},"mobile":{"background-color":"","background-image":"","background-repeat":"repeat","background-position":"center center","background-size":"auto","background-attachment":"scroll","background-type":"","background-media":"","overlay-type":"","overlay-color":"","overlay-opacity":"","overlay-gradient":""}},"ast-content-background-meta":{"desktop":{"background-color":"var(--ast-global-color-5)","background-image":"","background-repeat":"repeat","background-position":"center center","background-size":"auto","background-attachment":"scroll","background-type":"","background-media":"","overlay-type":"","overlay-color":"","overlay-opacity":"","overlay-gradient":""},"tablet":{"background-color":"var(--ast-global-color-5)","background-image":"","background-repeat":"repeat","background-position":"center center","background-size":"auto","background-attachment":"scroll","background-type":"","background-media":"","overlay-type":"","overlay-color":"","overlay-opacity":"","overlay-gradient":""},"mobile":{"background-color":"var(--ast-global-color-5)","background-image":"","background-repeat":"repeat","background-position":"center center","background-size":"auto","background-attachment":"scroll","background-type":"","background-media":"","overlay-type":"","overlay-color":"","overlay-opacity":"","overlay-gradient":""}},"footnotes":""},"class_list":["post-69","page","type-page","status-publish","hentry"],"_hostinger_reach_plugin_has_subscription_block":false,"_hostinger_reach_plugin_is_elementor":false,"_links":{"self":[{"href":"https:\/\/ruumconsultoria.com\/index.php?rest_route=\/wp\/v2\/pages\/69","targetHints":{"allow":["GET"]}}],"collection":[{"href":"https:\/\/ruumconsultoria.com\/index.php?rest_route=\/wp\/v2\/pages"}],"about":[{"href":"https:\/\/ruumconsultoria.com\/index.php?rest_route=\/wp\/v2\/types\/page"}],"author":[{"embeddable":true,"href":"https:\/\/ruumconsultoria.com\/index.php?rest_route=\/wp\/v2\/users\/1"}],"replies":[{"embeddable":true,"href":"https:\/\/ruumconsultoria.com\/index.php?rest_route=%2Fwp%2Fv2%2Fcomments&post=69"}],"version-history":[{"count":13,"href":"https:\/\/ruumconsultoria.com\/index.php?rest_route=\/wp\/v2\/pages\/69\/revisions"}],"predecessor-version":[{"id":413,"href":"https:\/\/ruumconsultoria.com\/index.php?rest_route=\/wp\/v2\/pages\/69\/revisions\/413"}],"wp:attachment":[{"href":"https:\/\/ruumconsultoria.com\/index.php?rest_route=%2Fwp%2Fv2%2Fmedia&parent=69"}],"curies":[{"name":"wp","href":"https:\/\/api.w.org\/{rel}","templated":true}]}}