{"id":9,"date":"2023-08-25T00:30:35","date_gmt":"2023-08-25T00:30:35","guid":{"rendered":"https:\/\/ruumconsultoria.com\/?page_id=9"},"modified":"2025-09-11T18:26:01","modified_gmt":"2025-09-11T18:26:01","slug":"home","status":"publish","type":"page","link":"https:\/\/ruumconsultoria.com\/","title":{"rendered":"Ruum Consultor\u00eda"},"content":{"rendered":"\n<figure class=\"wp-block-image alignfull size-full is-style-default wp-duotone-unset-1\"><img loading=\"lazy\" decoding=\"async\" width=\"2000\" height=\"800\" src=\"https:\/\/ruumconsultoria.com\/wp-content\/uploads\/2025\/09\/Pagina-web-Ruum.effectsResult-1.png\" alt=\"\" class=\"wp-image-535\" srcset=\"https:\/\/ruumconsultoria.com\/wp-content\/uploads\/2025\/09\/Pagina-web-Ruum.effectsResult-1.png 2000w, https:\/\/ruumconsultoria.com\/wp-content\/uploads\/2025\/09\/Pagina-web-Ruum.effectsResult-1-300x120.png 300w, https:\/\/ruumconsultoria.com\/wp-content\/uploads\/2025\/09\/Pagina-web-Ruum.effectsResult-1-1024x410.png 1024w, https:\/\/ruumconsultoria.com\/wp-content\/uploads\/2025\/09\/Pagina-web-Ruum.effectsResult-1-768x307.png 768w, https:\/\/ruumconsultoria.com\/wp-content\/uploads\/2025\/09\/Pagina-web-Ruum.effectsResult-1-1536x614.png 1536w\" sizes=\"auto, (max-width: 2000px) 100vw, 2000px\" \/><\/figure>\n\n\n\n<div style=\"height:42px\" aria-hidden=\"true\" class=\"wp-block-spacer\"><\/div>\n\n\n\n<h2 class=\"wp-block-heading has-text-align-center has-medium-font-size\"><strong>\u00bfNecesitas una licencia de construcci\u00f3n?<\/strong><\/h2>\n\n\n\n<div class=\"wp-block-buttons is-content-justification-center is-layout-flex wp-container-core-buttons-is-layout-84cf7f1f wp-block-buttons-is-layout-flex\" style=\"margin-top:0;margin-bottom:0\">\n<div class=\"wp-block-button\"><a class=\"wp-block-button__link wp-element-button\" href=\"https:\/\/wa.me\/573011663881\/?text=Hola%2C%20necesito%20hacer%20una%20consulta.\" style=\"border-radius:0px\" target=\"_blank\" rel=\"noreferrer noopener\">Te ayudamos<\/a><\/div>\n<\/div>\n\n\n\n<div style=\"height:60px\" aria-hidden=\"true\" class=\"wp-block-spacer\"><\/div>\n\n\n\n<div class=\"wp-block-media-text is-stacked-on-mobile\" style=\"grid-template-columns:47% auto\"><figure class=\"wp-block-media-text__media\"><img loading=\"lazy\" decoding=\"async\" width=\"750\" height=\"750\" src=\"https:\/\/ruumconsultoria.com\/wp-content\/uploads\/2025\/09\/gift-ruum-final.gif\" alt=\"\" class=\"wp-image-508 size-full\"\/><\/figure><div class=\"wp-block-media-text__content\">\n<h2 class=\"wp-block-heading has-medium-font-size\" style=\"padding-right:40px\">\u00a1Somos RUUM! <\/h2>\n\n\n\n<p>Una empresa dedicada a Consultor\u00eda para la construcci\u00f3n, es decir realizamos tr\u00e1mites ante las curadur\u00edas urbanas para la solicitud de Licencias de Construcci\u00f3n y realizamos la planimetr\u00eda arquitect\u00f3nica y estructural para proyectos de obra. Nuestro objetivo principal es brindarles a nuestros clientes la tranquilidad y certeza de obtener su Licencia de Construcci\u00f3n cumpliendo los est\u00e1ndares normativos actuales.<\/p>\n<\/div><\/div>\n\n\n\n<div style=\"height:60px\" aria-hidden=\"true\" class=\"wp-block-spacer\"><\/div>\n\n\n\n<h2 class=\"wp-block-heading has-text-align-center has-medium-font-size\">\u00a1<strong>M\u00e1s informaci\u00f3n a un clic<\/strong>!<\/h2>\n\n\n\n<div class=\"wp-block-columns is-layout-flex wp-container-core-columns-is-layout-28f84493 wp-block-columns-is-layout-flex\">\n<div class=\"wp-block-column is-layout-flow wp-block-column-is-layout-flow\">\n<div class=\"inherit-container-width wp-block-group is-layout-constrained wp-block-group-is-layout-constrained\">\n<div class=\"wp-block-columns is-layout-flex wp-container-core-columns-is-layout-28f84493 wp-block-columns-is-layout-flex\">\n<div class=\"wp-block-column is-layout-flow wp-block-column-is-layout-flow\">\n<div class=\"wp-block-buttons is-content-justification-center is-layout-flex wp-container-core-buttons-is-layout-23a043ba wp-block-buttons-is-layout-flex\">\n<div class=\"wp-block-button has-custom-width wp-block-button__width-75 is-style-fill\"><a class=\"wp-block-button__link wp-element-button\" href=\"https:\/\/ruumconsultoria.com\/?page_id=69\" style=\"border-style:none;border-width:0px;border-radius:0px;padding-top:var(--wp--preset--spacing--30);padding-right:0;padding-bottom:var(--wp--preset--spacing--30);padding-left:0\">Asesorias<\/a><\/div>\n<\/div>\n<\/div>\n\n\n\n<div class=\"wp-block-column is-layout-flow wp-block-column-is-layout-flow\">\n<div class=\"wp-block-buttons is-content-justification-center is-layout-flex wp-container-core-buttons-is-layout-72caf8c6 wp-block-buttons-is-layout-flex\">\n<div class=\"wp-block-button has-custom-width wp-block-button__width-75 is-style-fill\"><a class=\"wp-block-button__link wp-element-button\" href=\"https:\/\/ruumconsultoria.com\/?page_id=65\" style=\"border-radius:0px\">Licencias<\/a><\/div>\n<\/div>\n<\/div>\n\n\n\n<div class=\"wp-block-column is-layout-flow wp-block-column-is-layout-flow\">\n<div class=\"wp-block-buttons is-content-justification-center is-layout-flex wp-container-core-buttons-is-layout-a89b3969 wp-block-buttons-is-layout-flex\">\n<div class=\"wp-block-button has-custom-width wp-block-button__width-75\"><a class=\"wp-block-button__link has-background wp-element-button\" href=\"https:\/\/ruumconsultoria.com\/?page_id=72\" style=\"border-radius:0px;background-color:#003e33\">Documentaci\u00f3n<\/a><\/div>\n<\/div>\n<\/div>\n<\/div>\n<\/div>\n<\/div>\n<\/div>\n\n\n\n<div class=\"wp-block-cover alignfull has-parallax\" style=\"min-height:467px;aspect-ratio:unset;\"><div class=\"wp-block-cover__image-background wp-image-53 has-parallax\" style=\"background-position:50% 50%;background-image:url(https:\/\/ruumconsultoria.com\/wp-content\/uploads\/2023\/08\/pexels-pixabay-271667-scaled.jpg)\"><\/div><span aria-hidden=\"true\" class=\"wp-block-cover__background has-background-dim-90 has-background-dim\" style=\"background-color:#003e33\"><\/span><div class=\"wp-block-cover__inner-container is-layout-flow wp-block-cover-is-layout-flow\">\n<p class=\"has-text-align-center has-ast-global-color-6-color has-text-color has-medium-font-size\"><em><em>\u201cLa \u00fanica forma de hacer un gran trabajo, es amar lo que haces\u201d<\/em><\/em><\/p>\n\n\n\n<p class=\"has-text-align-center has-ast-global-color-5-color has-text-color\"><em>Steve jobs<\/em><\/p>\n<\/div><\/div>\n\n\n\n<div class=\"wp-block-cover alignfull is-light wp-duotone-unset-2\" style=\"min-height:746px;aspect-ratio:unset;\" id=\"whyus\"><img loading=\"lazy\" decoding=\"async\" width=\"1024\" height=\"1024\" class=\"wp-block-cover__image-background wp-image-512 size-full\" alt=\"\" src=\"https:\/\/ruumconsultoria.com\/wp-content\/uploads\/2025\/09\/depositphotos_74381371-stock-photo-watercolor-paper-texture.jpg\" data-object-fit=\"cover\" srcset=\"https:\/\/ruumconsultoria.com\/wp-content\/uploads\/2025\/09\/depositphotos_74381371-stock-photo-watercolor-paper-texture.jpg 1024w, https:\/\/ruumconsultoria.com\/wp-content\/uploads\/2025\/09\/depositphotos_74381371-stock-photo-watercolor-paper-texture-300x300.jpg 300w, https:\/\/ruumconsultoria.com\/wp-content\/uploads\/2025\/09\/depositphotos_74381371-stock-photo-watercolor-paper-texture-150x150.jpg 150w, https:\/\/ruumconsultoria.com\/wp-content\/uploads\/2025\/09\/depositphotos_74381371-stock-photo-watercolor-paper-texture-768x768.jpg 768w\" sizes=\"auto, (max-width: 1024px) 100vw, 1024px\" \/><span aria-hidden=\"true\" class=\"wp-block-cover__background has-background-dim-0 has-background-dim\" style=\"background-color:#eeeeee\"><\/span><div class=\"wp-block-cover__inner-container is-layout-flow wp-block-cover-is-layout-flow\">\n<div id=\"whyus\" class=\"wp-block-group is-layout-constrained wp-block-group-is-layout-constrained\" style=\"padding-top:125px;padding-bottom:125px\">\n<h2 class=\"wp-block-heading alignwide has-text-align-center has-black-color has-text-color has-large-font-size\">\u00bf<font style=\"vertical-align: inherit;\"><font style=\"vertical-align: inherit;\">Por qu\u00e9 elegirnos<\/font><\/font>?<\/h2>\n\n\n\n<div class=\"wp-block-columns is-layout-flex wp-container-core-columns-is-layout-29aadeec wp-block-columns-is-layout-flex\" style=\"margin-top:60px\">\n<div class=\"wp-block-column is-layout-flow wp-container-core-column-is-layout-6b73ce23 wp-block-column-is-layout-flow\">\n<figure class=\"wp-block-image aligncenter size-full is-resized\"><img loading=\"lazy\" decoding=\"async\" width=\"1015\" height=\"1006\" src=\"https:\/\/ruumconsultoria.com\/wp-content\/uploads\/2025\/09\/APASIONADOS-02.png\" alt=\"\" class=\"wp-image-505\" style=\"aspect-ratio:1;width:104px;height:auto\" srcset=\"https:\/\/ruumconsultoria.com\/wp-content\/uploads\/2025\/09\/APASIONADOS-02.png 1015w, https:\/\/ruumconsultoria.com\/wp-content\/uploads\/2025\/09\/APASIONADOS-02-300x297.png 300w, https:\/\/ruumconsultoria.com\/wp-content\/uploads\/2025\/09\/APASIONADOS-02-150x150.png 150w, https:\/\/ruumconsultoria.com\/wp-content\/uploads\/2025\/09\/APASIONADOS-02-768x761.png 768w\" sizes=\"auto, (max-width: 1015px) 100vw, 1015px\" \/><\/figure>\n\n\n\n<h3 class=\"wp-block-heading has-black-color has-text-color has-large-font-size\" style=\"margin-top:16px\">Apasionados<\/h3>\n\n\n\n<p class=\"has-black-color has-text-color\">Brindamos nuestro mejor servicio a los clientes, amamos lo que hacemos y DEDICAMOS el tiempo necesario a cada proyecto para obtener los mejores RESULTADOS<\/p>\n<\/div>\n\n\n\n<div class=\"wp-block-column is-layout-flow wp-container-core-column-is-layout-6b73ce23 wp-block-column-is-layout-flow\">\n<div class=\"wp-block-group is-nowrap is-layout-flex wp-container-core-group-is-layout-6c531013 wp-block-group-is-layout-flex\"><\/div>\n\n\n\n<h3 class=\"wp-block-heading has-text-align-center has-black-color has-text-color has-large-font-size\" style=\"margin-top:16px\">Honestos<\/h3>\n\n\n\n<p class=\"has-black-color has-text-color\">Consideramos que Dios es nuestro primer lugar y con nuestro trabajo exaltamos su nombre.<\/p>\n\n\n\n<figure class=\"wp-block-image aligncenter size-full is-resized\"><img loading=\"lazy\" decoding=\"async\" width=\"1015\" height=\"1006\" src=\"https:\/\/ruumconsultoria.com\/wp-content\/uploads\/2025\/09\/serviciales-02.png\" alt=\"\" class=\"wp-image-506\" style=\"aspect-ratio:1.016;width:91px;height:auto\" srcset=\"https:\/\/ruumconsultoria.com\/wp-content\/uploads\/2025\/09\/serviciales-02.png 1015w, https:\/\/ruumconsultoria.com\/wp-content\/uploads\/2025\/09\/serviciales-02-300x297.png 300w, https:\/\/ruumconsultoria.com\/wp-content\/uploads\/2025\/09\/serviciales-02-150x150.png 150w, https:\/\/ruumconsultoria.com\/wp-content\/uploads\/2025\/09\/serviciales-02-768x761.png 768w\" sizes=\"auto, (max-width: 1015px) 100vw, 1015px\" \/><\/figure>\n<\/div>\n\n\n\n<div class=\"wp-block-column is-layout-flow wp-container-core-column-is-layout-6b73ce23 wp-block-column-is-layout-flow\">\n<figure class=\"wp-block-image aligncenter size-full is-resized\"><img loading=\"lazy\" decoding=\"async\" width=\"1015\" height=\"1006\" src=\"https:\/\/ruumconsultoria.com\/wp-content\/uploads\/2025\/09\/profesionales-02.png\" alt=\"\" class=\"wp-image-507\" style=\"width:104px;height:103px\" srcset=\"https:\/\/ruumconsultoria.com\/wp-content\/uploads\/2025\/09\/profesionales-02.png 1015w, https:\/\/ruumconsultoria.com\/wp-content\/uploads\/2025\/09\/profesionales-02-300x297.png 300w, https:\/\/ruumconsultoria.com\/wp-content\/uploads\/2025\/09\/profesionales-02-150x150.png 150w, https:\/\/ruumconsultoria.com\/wp-content\/uploads\/2025\/09\/profesionales-02-768x761.png 768w\" sizes=\"auto, (max-width: 1015px) 100vw, 1015px\" \/><\/figure>\n\n\n\n<h3 class=\"wp-block-heading has-black-color has-text-color has-large-font-size\" style=\"margin-top:16px\">Profesionales<\/h3>\n\n\n\n<p class=\"has-black-color has-text-color\">Garantizamos el cumplimiento de nuestro trabajo en el menor tiempo posible, siendo RESPONSABLES y EXCELENTES en lo que hacemos.<\/p>\n<\/div>\n<\/div>\n<\/div>\n<\/div><\/div>\n\n\n\n<div style=\"height:0px\" aria-hidden=\"true\" class=\"wp-block-spacer\"><\/div>\n\n\n\n<div class=\"inherit-container-width wp-block-group alignfull has-background has-medium-font-size is-layout-constrained wp-container-core-group-is-layout-b251a66b wp-block-group-is-layout-constrained\" style=\"background:linear-gradient(90deg,rgb(0,62,51) 18%,rgb(213,241,200) 100%);margin-top:0;margin-bottom:0;padding-top:121px;padding-right:0;padding-bottom:121px;padding-left:0\">\n<h2 class=\"wp-block-heading has-text-align-center has-text-color has-small-font-size\" id=\"contacto\" style=\"color:#ffffff\">Vis\u00edtanos en Bogot\u00e1<\/h2>\n\n\n\n<h2 class=\"wp-block-heading has-text-align-center has-text-color has-small-font-size\" style=\"color:#ffffff\"> Colombia o escr\u00edbenos a whatsapp<\/h2>\n\n\n\n<div class=\"wp-block-buttons alignwide is-horizontal is-content-justification-center is-layout-flex wp-container-core-buttons-is-layout-bba8380a wp-block-buttons-is-layout-flex\" style=\"margin-top:50px\">\n<div class=\"wp-block-button is-style-fill\"><a class=\"wp-block-button__link wp-element-button\" href=\"https:\/\/acortar.link\/02qNfc\" style=\"border-radius:0px\" target=\"_blank\" rel=\"noreferrer noopener\">Ver en el mapa<\/a><\/div>\n\n\n\n<div class=\"wp-block-button is-style-fill\"><a class=\"wp-block-button__link wp-element-button\" href=\"https:\/\/wa.me\/573011663881\/?text=Hola%2C%20necesito%20hacer%20una%20consulta.\" style=\"border-radius:0px\" target=\"_blank\" rel=\"noreferrer noopener\">Chat en vivo<\/a><\/div>\n<\/div>\n\n\n\n<div style=\"height:51px\" aria-hidden=\"true\" class=\"wp-block-spacer\"><\/div>\n\n\n\n<h2 class=\"wp-block-heading has-text-align-center has-text-color has-small-font-size\" style=\"color:#ffffff\">Cra 14 # 94 a &#8211; 61 \/ Edificio Times \/ Oficina 203<\/h2>\n\n\n\n<p><\/p>\n<\/div>\n\n\n\n<p><\/p>\n\n\n\n<p><\/p>\n\n\n<style id=\"wpforms-css-vars-281-block-632e089f-357d-46a7-a006-b5e9fd38f7d3\">\n\t\t\t\t#wpforms-281.wpforms-block-632e089f-357d-46a7-a006-b5e9fd38f7d3 {\n\t\t\t\t--wpforms-field-size-input-height: 43px;\n--wpforms-field-size-input-spacing: 15px;\n--wpforms-field-size-font-size: 16px;\n--wpforms-field-size-line-height: 19px;\n--wpforms-field-size-padding-h: 14px;\n--wpforms-field-size-checkbox-size: 16px;\n--wpforms-field-size-sublabel-spacing: 5px;\n--wpforms-field-size-icon-size: 1;\n--wpforms-label-size-font-size: 16px;\n--wpforms-label-size-line-height: 19px;\n--wpforms-label-size-sublabel-font-size: 14px;\n--wpforms-label-size-sublabel-line-height: 17px;\n--wpforms-button-size-font-size: 17px;\n--wpforms-button-size-height: 41px;\n--wpforms-button-size-padding-h: 15px;\n--wpforms-button-size-margin-top: 10px;\n\n\t\t\t}\n\t\t\t<\/style><div class=\"wpforms-container wpforms-container-full wpforms-block wpforms-block-632e089f-357d-46a7-a006-b5e9fd38f7d3 wpforms-render-modern\" id=\"wpforms-281\"><form id=\"wpforms-form-281\" class=\"wpforms-validate wpforms-form wpforms-ajax-form\" data-formid=\"281\" method=\"post\" enctype=\"multipart\/form-data\" action=\"\/index.php?rest_route=%2Fwp%2Fv2%2Fpages%2F9\" data-token=\"90b1c1d4f83e852b0f3029d3e464a9e0\" data-token-time=\"1775303676\"><div class=\"wpforms-head-container\"><div class=\"wpforms-title\">Obten asesorias personalizadas<\/div><\/div><noscript class=\"wpforms-error-noscript\">Por favor, activa JavaScript en tu navegador para completar este formulario.<\/noscript><div id=\"wpforms-error-noscript\" style=\"display: none;\">Por favor, activa JavaScript en tu navegador para completar este formulario.<\/div><div class=\"wpforms-field-container\"><div id=\"wpforms-281-field_1-container\" class=\"wpforms-field wpforms-field-name\" data-field-id=\"1\"><label class=\"wpforms-field-label\" for=\"wpforms-281-field_1\">Nombre <span class=\"wpforms-required-label\" aria-hidden=\"true\">*<\/span><\/label><input type=\"text\" id=\"wpforms-281-field_1\" class=\"wpforms-field-small wpforms-field-required\" name=\"wpforms[fields][1]\" aria-errormessage=\"wpforms-281-field_1-error\" required><\/div><div id=\"wpforms-281-field_2-container\" class=\"wpforms-field wpforms-field-email\" data-field-id=\"2\"><label class=\"wpforms-field-label\" for=\"wpforms-281-field_2\">Correo electr\u00f3nico <span class=\"wpforms-required-label\" aria-hidden=\"true\">*<\/span><\/label><input type=\"email\" id=\"wpforms-281-field_2\" class=\"wpforms-field-medium wpforms-field-required\" name=\"wpforms[fields][2]\" spellcheck=\"false\" aria-errormessage=\"wpforms-281-field_2-error\" required><\/div><div id=\"wpforms-281-field_3-container\" class=\"wpforms-field wpforms-field-number\" data-field-id=\"3\"><label class=\"wpforms-field-label\" for=\"wpforms-281-field_3\">N\u00fameros <span class=\"wpforms-required-label\" aria-hidden=\"true\">*<\/span><\/label><input type=\"number\" id=\"wpforms-281-field_3\" class=\"wpforms-field-medium wpforms-field-required\" name=\"wpforms[fields][3]\" step=\"any\" aria-errormessage=\"wpforms-281-field_3-error\" required><\/div><div id=\"wpforms-281-field_7-container\" class=\"wpforms-field wpforms-field-select wpforms-field-select-style-classic\" data-field-id=\"7\"><label class=\"wpforms-field-label\" for=\"wpforms-281-field_7\">Ley de datos personales <span class=\"wpforms-required-label\" aria-hidden=\"true\">*<\/span><\/label><select id=\"wpforms-281-field_7\" class=\"wpforms-field-medium wpforms-field-required\" name=\"wpforms[fields][7]\" required=\"required\"><option value=\"Acepto\"  selected='selected'>Acepto<\/option><\/select><div id=\"wpforms-281-field_7-description\" class=\"wpforms-field-description\">Ley de Protecci\u00f3n de Datos Personales o Ley 1581 de 2012\r\nReconoce y protege el derecho que tienen todas las personas a conocer, actualizar y rectificar las informaciones que se hayan recogido sobre ellas en bases de datos o archivos que sean susceptibles de tratamiento por entidades de naturaleza p\u00fablica o privada.<\/div><\/div><\/div><!-- .wpforms-field-container --><div class=\"wpforms-submit-container\" ><input type=\"hidden\" name=\"wpforms[id]\" value=\"281\"><input type=\"hidden\" name=\"page_title\" value=\"\"><input type=\"hidden\" name=\"page_url\" value=\"https:\/\/ruumconsultoria.com\/index.php?rest_route=\/wp\/v2\/pages\/9\"><input type=\"hidden\" name=\"url_referer\" value=\"\"><button type=\"submit\" name=\"wpforms[submit]\" id=\"wpforms-submit-281\" class=\"wpforms-submit\" data-alt-text=\"Enviando...\" data-submit-text=\"Enviar\" aria-live=\"assertive\" value=\"wpforms-submit\">Enviar<\/button><img loading=\"lazy\" decoding=\"async\" src=\"https:\/\/ruumconsultoria.com\/wp-content\/plugins\/wpforms-lite\/assets\/images\/submit-spin.svg\" class=\"wpforms-submit-spinner\" style=\"display: none;\" width=\"26\" height=\"26\" alt=\"Cargando\"><\/div><\/form><\/div>  <!-- .wpforms-container -->","protected":false},"excerpt":{"rendered":"<p>\u00bfNecesitas una licencia de construcci\u00f3n? \u00a1Somos RUUM! Una empresa dedicada a Consultor\u00eda para la construcci\u00f3n, es decir realizamos tr\u00e1mites ante las curadur\u00edas urbanas para la solicitud de Licencias de Construcci\u00f3n y realizamos la planimetr\u00eda arquitect\u00f3nica y estructural para proyectos de obra. Nuestro objetivo principal es brindarles a nuestros clientes la tranquilidad y certeza de obtener [&hellip;]<\/p>\n","protected":false},"author":1,"featured_media":0,"parent":0,"menu_order":500,"comment_status":"closed","ping_status":"closed","template":"","meta":{"site-sidebar-layout":"no-sidebar","site-content-layout":"plain-container","ast-site-content-layout":"normal-width-container","site-content-style":"default","site-sidebar-style":"default","ast-global-header-display":"","ast-banner-title-visibility":"","ast-main-header-display":"","ast-hfb-above-header-display":"","ast-hfb-below-header-display":"","ast-hfb-mobile-header-display":"","site-post-title":"disabled","ast-breadcrumbs-content":"","ast-featured-img":"","footer-sml-layout":"","theme-transparent-header-meta":"enabled","adv-header-id-meta":"","stick-header-meta":"","header-above-stick-meta":"","header-main-stick-meta":"","header-below-stick-meta":"","astra-migrate-meta-layouts":"","ast-page-background-enabled":"default","ast-page-background-meta":{"desktop":{"background-color":"var(--ast-global-color-4)","background-image":"","background-repeat":"repeat","background-position":"center center","background-size":"auto","background-attachment":"scroll","background-type":"","background-media":"","overlay-type":"","overlay-color":"","overlay-opacity":"","overlay-gradient":""},"tablet":{"background-color":"","background-image":"","background-repeat":"repeat","background-position":"center center","background-size":"auto","background-attachment":"scroll","background-type":"","background-media":"","overlay-type":"","overlay-color":"","overlay-opacity":"","overlay-gradient":""},"mobile":{"background-color":"","background-image":"","background-repeat":"repeat","background-position":"center center","background-size":"auto","background-attachment":"scroll","background-type":"","background-media":"","overlay-type":"","overlay-color":"","overlay-opacity":"","overlay-gradient":""}},"ast-content-background-meta":{"desktop":{"background-color":"var(--ast-global-color-5)","background-image":"","background-repeat":"repeat","background-position":"center center","background-size":"auto","background-attachment":"scroll","background-type":"","background-media":"","overlay-type":"","overlay-color":"","overlay-opacity":"","overlay-gradient":""},"tablet":{"background-color":"var(--ast-global-color-5)","background-image":"","background-repeat":"repeat","background-position":"center center","background-size":"auto","background-attachment":"scroll","background-type":"","background-media":"","overlay-type":"","overlay-color":"","overlay-opacity":"","overlay-gradient":""},"mobile":{"background-color":"var(--ast-global-color-5)","background-image":"","background-repeat":"repeat","background-position":"center center","background-size":"auto","background-attachment":"scroll","background-type":"","background-media":"","overlay-type":"","overlay-color":"","overlay-opacity":"","overlay-gradient":""}},"footnotes":""},"class_list":["post-9","page","type-page","status-publish","hentry"],"_hostinger_reach_plugin_has_subscription_block":false,"_hostinger_reach_plugin_is_elementor":false,"_links":{"self":[{"href":"https:\/\/ruumconsultoria.com\/index.php?rest_route=\/wp\/v2\/pages\/9","targetHints":{"allow":["GET"]}}],"collection":[{"href":"https:\/\/ruumconsultoria.com\/index.php?rest_route=\/wp\/v2\/pages"}],"about":[{"href":"https:\/\/ruumconsultoria.com\/index.php?rest_route=\/wp\/v2\/types\/page"}],"author":[{"embeddable":true,"href":"https:\/\/ruumconsultoria.com\/index.php?rest_route=\/wp\/v2\/users\/1"}],"replies":[{"embeddable":true,"href":"https:\/\/ruumconsultoria.com\/index.php?rest_route=%2Fwp%2Fv2%2Fcomments&post=9"}],"version-history":[{"count":134,"href":"https:\/\/ruumconsultoria.com\/index.php?rest_route=\/wp\/v2\/pages\/9\/revisions"}],"predecessor-version":[{"id":536,"href":"https:\/\/ruumconsultoria.com\/index.php?rest_route=\/wp\/v2\/pages\/9\/revisions\/536"}],"wp:attachment":[{"href":"https:\/\/ruumconsultoria.com\/index.php?rest_route=%2Fwp%2Fv2%2Fmedia&parent=9"}],"curies":[{"name":"wp","href":"https:\/\/api.w.org\/{rel}","templated":true}]}}